{"id":314,"date":"2025-10-31T08:55:08","date_gmt":"2025-10-31T07:55:08","guid":{"rendered":"https:\/\/forncoma.cat\/contacto\/"},"modified":"2026-01-22T10:48:58","modified_gmt":"2026-01-22T09:48:58","slug":"contacto","status":"publish","type":"page","link":"https:\/\/forncoma.cat\/es\/contacto\/","title":{"rendered":"Contacto"},"content":{"rendered":"<p>[et_pb_section fb_built=\u00bb1&#8243; _builder_version=\u00bb4.27.4&#8243; _module_preset=\u00bbdefault\u00bb background_image=\u00bbhttps:\/\/forncoma.cat\/wp-content\/uploads\/\/forn-de-pa-coma-fondo-contacto.svg\u00bb custom_padding=\u00bb3em||3em||true|false\u00bb global_colors_info=\u00bb{}\u00bb][et_pb_row use_custom_gutter=\u00bbon\u00bb gutter_width=\u00bb3&#8243; _builder_version=\u00bb4.27.4&#8243; _module_preset=\u00bbdefault\u00bb locked=\u00bboff\u00bb global_colors_info=\u00bb{}\u00bb][et_pb_column type=\u00bb4_4&#8243; _builder_version=\u00bb4.27.4&#8243; _module_preset=\u00bbdefault\u00bb global_colors_info=\u00bb{}\u00bb][et_pb_text _builder_version=\u00bb4.27.4&#8243; _module_preset=\u00bbdefault\u00bb header_font=\u00bb|600||on|||||\u00bb header_text_align=\u00bbcenter\u00bb header_text_color=\u00bb#FFFFFF\u00bb header_font_size=\u00bb45px\u00bb header_2_font=\u00bb|600||on|||||\u00bb header_2_text_align=\u00bbcenter\u00bb header_2_font_size=\u00bb40px\u00bb custom_margin=\u00bb||0px||false|false\u00bb header_font_size_tablet=\u00bb40px\u00bb header_font_size_phone=\u00bb30px\u00bb header_font_size_last_edited=\u00bbon|phone\u00bb global_colors_info=\u00bb{}\u00bb]<\/p>\n<h1>Contacto Y encargos<\/h1>\n<p>[\/et_pb_text][et_pb_text _builder_version=\u00bb4.27.4&#8243; _module_preset=\u00bbdefault\u00bb text_font=\u00bb&#8211;et_global_body_font|300|||||||\u00bb text_text_color=\u00bb#FFFFFF\u00bb text_font_size=\u00bb20px\u00bb text_line_height=\u00bb1.5em\u00bb text_orientation=\u00bbcenter\u00bb max_width=\u00bb500px\u00bb module_alignment=\u00bbcenter\u00bb locked=\u00bboff\u00bb global_colors_info=\u00bb{}\u00bb]<\/p>\n<p>Un horno de barrio, con las puertas abiertas.<\/p>\n<p>[\/et_pb_text][\/et_pb_column][\/et_pb_row][\/et_pb_section][et_pb_section fb_built=\u00bb1&#8243; custom_padding_last_edited=\u00bbon|phone\u00bb _builder_version=\u00bb4.27.4&#8243; _module_preset=\u00bbdefault\u00bb background_color=\u00bb#FFFFFF\u00bb custom_margin=\u00bb||||false|false\u00bb custom_padding_tablet=\u00bb\u00bb custom_padding_phone=\u00bb2em||2em||true|false\u00bb global_colors_info=\u00bb{}\u00bb][et_pb_row column_structure=\u00bb1_2,1_2&#8243; use_custom_gutter=\u00bbon\u00bb gutter_width=\u00bb3&#8243; custom_padding_last_edited=\u00bbon|tablet\u00bb _builder_version=\u00bb4.27.4&#8243; _module_preset=\u00bbdefault\u00bb width=\u00bb90%\u00bb max_width=\u00bb1200px\u00bb module_alignment=\u00bbcenter\u00bb custom_padding_tablet=\u00bb0px||0px||true|false\u00bb custom_padding_phone=\u00bb0px||0px||true|false\u00bb global_colors_info=\u00bb{}\u00bb][et_pb_column type=\u00bb1_2&#8243; _builder_version=\u00bb4.27.4&#8243; _module_preset=\u00bbdefault\u00bb global_colors_info=\u00bb{}\u00bb][et_pb_text _builder_version=\u00bb4.27.4&#8243; _module_preset=\u00bbdefault\u00bb text_font=\u00bb&#8211;et_global_heading_font||||||||\u00bb text_font_size=\u00bb30px\u00bb text_line_height=\u00bb1.2em\u00bb custom_margin=\u00bb||1em||false|false\u00bb text_font_size_tablet=\u00bb28px\u00bb text_font_size_phone=\u00bb24px\u00bb text_font_size_last_edited=\u00bbon|phone\u00bb locked=\u00bboff\u00bb global_colors_info=\u00bb{}\u00bb]<\/p>\n<p><strong>Nos encontrar\u00e1s en el barrio de Vic-Remei, en Manresa<\/strong>, en un horno donde todav\u00eda se hace el pan como antes, y donde te atenderemos con una sonrisa.<\/p>\n<p>[\/et_pb_text][\/et_pb_column][et_pb_column type=\u00bb1_2&#8243; _builder_version=\u00bb4.27.4&#8243; _module_preset=\u00bbdefault\u00bb global_colors_info=\u00bb{}\u00bb][et_pb_text _builder_version=\u00bb4.27.4&#8243; _module_preset=\u00bbdefault\u00bb text_font_size=\u00bb16px\u00bb text_line_height=\u00bb1.5em\u00bb custom_margin=\u00bb||1em||false|false\u00bb locked=\u00bboff\u00bb global_colors_info=\u00bb{}\u00bb]<\/p>\n<p>Si quieres hacer un encargo, preguntar por alg\u00fan producto o simplemente pasar a saludar, te esperamos encantados.<\/p>\n<p><\/p>\n<p><strong>Puedes hacer encargos por tel\u00e9fono o venir directamente al horno<\/strong>. Cocas para celebrar, panes especiales, magdalenas para almorzar&#8230; Dinos qu\u00e9 necesitas, y te lo preparamos como siempre: con tiempo y con cuidado.<\/p>\n<p>[\/et_pb_text][\/et_pb_column][\/et_pb_row][\/et_pb_section][et_pb_section fb_built=\u00bb1&#8243; _builder_version=\u00bb4.27.4&#8243; _module_preset=\u00bbdefault\u00bb background_color=\u00bb#fbf7ee\u00bb background_image=\u00bbhttps:\/\/forncoma.cat\/wp-content\/uploads\/\/forn-de-pa-coma-fonts-historia.svg\u00bb custom_padding=\u00bb0px||0px||true|false\u00bb global_colors_info=\u00bb{}\u00bb][et_pb_row column_structure=\u00bb1_2,1_2&#8243; use_custom_gutter=\u00bbon\u00bb gutter_width=\u00bb3&#8243; make_equal=\u00bbon\u00bb _builder_version=\u00bb4.27.4&#8243; _module_preset=\u00bbdefault\u00bb width=\u00bb90%\u00bb max_width=\u00bb1200px\u00bb module_alignment=\u00bbcenter\u00bb custom_padding=\u00bb0px||0px||true|false\u00bb custom_css_main_element=\u00bbalign-items:center;\u00bb global_colors_info=\u00bb{}\u00bb][et_pb_column type=\u00bb1_2&#8243; _builder_version=\u00bb4.27.4&#8243; _module_preset=\u00bbdefault\u00bb custom_padding=\u00bb4em||4em|2.5em|true|false\u00bb custom_padding_tablet=\u00bb||0em||false|false\u00bb custom_padding_phone=\u00bb3em||0em|2.5em|false|false\u00bb custom_padding_last_edited=\u00bbon|phone\u00bb global_colors_info=\u00bb{}\u00bb][et_pb_text _builder_version=\u00bb4.27.4&#8243; _module_preset=\u00bbdefault\u00bb text_font_size=\u00bb18px\u00bb text_line_height=\u00bb1.5em\u00bb custom_margin=\u00bb||1em||false|false\u00bb hover_enabled=\u00bb0&#8243; custom_css_before=\u00bb  content: &#8216;%92f3c5&#8217;;||  font-family: &#8216;Font Awesome 5 Free&#8217;, &#8216;Font Awesome 6 Free&#8217;, &#8216;FontAwesome&#8217;;||\tcolor: #CA8C00;||  font-weight: 900; \/* usar 900 para solid; 400 para regular si hiciera falta *\/||  position: absolute;||  left: -1.6em;||  font-size: 20px;||  line-height: 1;||  z-index: 9999;||  pointer-events: none; \/* no bloquear clics *\/||  padding: 0.2em;\u00bb custom_css_free_form=\u00bbselector a:hover{||  text-decoration:underline;||}\u00bb locked=\u00bboff\u00bb global_colors_info=\u00bb{}\u00bb sticky_enabled=\u00bb0&#8243;]<\/p>\n<p><strong>Direcci\u00f3n:<br \/><\/strong><a href=\"https:\/\/maps.app.goo.gl\/MpXxjEHsMxxwGuUWA\" target=\"_blank\" rel=\"noopener\" title=\"Abrir ubicaci\u00f3n en Google Maps\">Calle del Sol, 2, 08241 Manresa (Barcelona)<\/a><strong><br \/><\/strong><\/p>\n<p>[\/et_pb_text][et_pb_text _builder_version=\u00bb4.27.4&#8243; _module_preset=\u00bbdefault\u00bb text_font_size=\u00bb18px\u00bb text_line_height=\u00bb1.5em\u00bb custom_margin=\u00bb||1em||false|false\u00bb hover_enabled=\u00bb0&#8243; custom_css_before=\u00bbcontent: &#8216;%92f095&#8217;;||font-family: &#8216;Font Awesome 5 Free&#8217;, &#8216;Font Awesome 6 Free&#8217;, &#8216;FontAwesome&#8217;;||color: #CA8C00;||font-weight: 900; \/* usar 900 para solid; 400 para regular si hiciera falta *\/ ||position: absolute;||left: -1.6em;||font-size: 20px;||line-height: 1;||pointer-events: none; \/* no bloquear clics *\/||padding: 0.2em;\u00bb custom_css_free_form=\u00bbselector a:hover{||  text-decoration:underline;||}\u00bb locked=\u00bboff\u00bb global_colors_info=\u00bb{}\u00bb sticky_enabled=\u00bb0&#8243;]<strong>Tel\u00e8fon:<br \/>\n<\/strong><a href=\"tel:+34938362142\" title=\"Llamar al n\u00famero 938 36 21 42\" aria-label=\"Llamar al n\u00famero 938 36 21 42\">938 36 21 42<\/a>[\/et_pb_text][et_pb_text _builder_version=\u00bb4.27.4&#8243; _module_preset=\u00bbdefault\u00bb text_font_size=\u00bb18px\u00bb text_line_height=\u00bb1.5em\u00bb custom_margin=\u00bb||1em||false|false\u00bb hover_enabled=\u00bb0&#8243; custom_css_before=\u00bb  content: &#8216;%92f0e0&#8217;;||  font-family: &#8216;Font Awesome 5 Free&#8217;, &#8216;Font Awesome 6 Free&#8217;, &#8216;FontAwesome&#8217;;||color: #CA8C00;||  font-weight: 900; \/* usar 900 para solid; 400 para regular si hiciera falta *\/||  position: absolute;||  left: -1.6em;||  font-size: 20px;||  line-height: 1;||  z-index: 9999;||  pointer-events: none; \/* no bloquear clics *\/||  padding: 0.2em;\u00bb custom_css_free_form=\u00bbselector a:hover{||  text-decoration:underline;||}\u00bb locked=\u00bboff\u00bb global_colors_info=\u00bb{}\u00bb sticky_enabled=\u00bb0&#8243;]<strong>Email:<br \/>\n<\/strong><a href=\"mailto:hola@forncoma.cat\" title=\"Enviar correo electr\u00f3nico a hola@forncoma.cat\" aria-label=\"Enviar correo electr\u00f3nico a hola@forncoma.cat\">hola@forncoma.cat<\/a>[\/et_pb_text][et_pb_text _builder_version=\u00bb4.27.4&#8243; _module_preset=\u00bbdefault\u00bb text_font_size=\u00bb18px\u00bb text_line_height=\u00bb1.5em\u00bb custom_margin=\u00bb||1em||false|false\u00bb custom_css_before=\u00bb  content: &#8216;%92f017&#8217;;||  font-family: &#8216;Font Awesome 5 Free&#8217;, &#8216;Font Awesome 6 Free&#8217;, &#8216;FontAwesome&#8217;;||color: #CA8C00;||  font-weight: 900; \/* usar 900 para solid; 400 para regular si hiciera falta *\/||  position: absolute;||  left: -1.6em;||  font-size: 20px;||  line-height: 1;||  z-index: 9999;||  pointer-events: none; \/* no bloquear clics *\/||  padding: 0.2em;\u00bb locked=\u00bboff\u00bb global_colors_info=\u00bb{}\u00bb]<\/p>\n<p><strong>Horario:<br \/><\/strong>Lunes: 8:00\u201314:00<br \/>Martes a jueves: 8:00\u201314:00 y 17:00\u201319:30<br \/>Viernes: 8:00\u201314:00<br \/>S\u00e1bado y domingo: cerrado<\/p>\n<p>[\/et_pb_text][\/et_pb_column][et_pb_column type=\u00bb1_2&#8243; _builder_version=\u00bb4.27.4&#8243; _module_preset=\u00bbdefault\u00bb global_colors_info=\u00bb{}\u00bb][et_pb_code _builder_version=\u00bb4.27.4&#8243; _module_preset=\u00bbdefault\u00bb custom_margin_tablet=\u00bb||2em||false|false\u00bb custom_margin_phone=\u00bb||1em||false|false\u00bb custom_margin_last_edited=\u00bbon|phone\u00bb global_colors_info=\u00bb{}\u00bb]<iframe <!-- [et_pb_line_break_holder] -->  src=\u00bbhttps:\/\/www.google.com\/maps\/embed?pb=!1m18!1m12!1m3!1d23824.904841552798!2d1.796227521480713!3d41.71807813764493!2m3!1f0!2f0!3f0!3m2!1i1024!2i768!4f13.1!3m3!1m2!1s0x12a4580b5d5fb42b%3A0xf31667cffdae3546!2sForn%20de%20pa%20I%20degustaci%C3%B3!5e0!3m2!1ses!2ses!4v1762168122680!5m2!1ses!2ses\u00bb <!-- [et_pb_line_break_holder] -->  width=\u00bb100%\u00bb <!-- [et_pb_line_break_holder] -->  height=\u00bb460&#8243; <!-- [et_pb_line_break_holder] -->  style=\u00bbborder:0;\u00bb <!-- [et_pb_line_break_holder] -->  allowfullscreen <!-- [et_pb_line_break_holder] -->  loading=\u00bblazy\u00bb <!-- [et_pb_line_break_holder] -->  referrerpolicy=\u00bbno-referrer-when-downgrade\u00bb <!-- [et_pb_line_break_holder] -->  title=\u00bbMapa de Forn de pa i degustaci\u00f3 a Manresa\u00bb <!-- [et_pb_line_break_holder] -->  aria-label=\u00bbMapa de Google amb la ubicaci\u00f3 del Forn de pa i degustaci\u00f3 a Manresa\u00bb><!-- [et_pb_line_break_holder] --><\/iframe>[\/et_pb_code][\/et_pb_column][\/et_pb_row][\/et_pb_section]<\/p>\n","protected":false},"excerpt":{"rendered":"<p>Contacto Y encargosUn horno de barrio, con las puertas abiertas.Nos encontrar\u00e1s en el barrio de Vic-Remei, en Manresa, en un horno donde todav\u00eda se hace el pan como antes, y donde te atenderemos con una sonrisa.Si quieres hacer un encargo, preguntar por alg\u00fan producto o simplemente pasar a saludar, te esperamos encantados.Puedes hacer encargos por [&hellip;]<\/p>\n","protected":false},"author":1,"featured_media":0,"parent":0,"menu_order":0,"comment_status":"closed","ping_status":"closed","template":"","meta":{"_et_pb_use_builder":"on","_et_pb_old_content":"","_et_gb_content_width":"","inline_featured_image":false,"footnotes":""},"class_list":["post-314","page","type-page","status-publish","hentry"],"yoast_head":"<!-- This site is optimized with the Yoast SEO plugin v26.8 - https:\/\/yoast.com\/product\/yoast-seo-wordpress\/ -->\n<title>Direcci\u00f3n y encargos de panader\u00eda en Manresa | Forn de Pa Coma<\/title>\n<meta name=\"description\" content=\"Forn de Pa Coma en Manresa: direcci\u00f3n, tel\u00e9fono y horarios para encargos de pan y especialidades artesanales; escr\u00edbenos o llama y te atenderemos.\" \/>\n<meta name=\"robots\" content=\"index, follow, max-snippet:-1, max-image-preview:large, max-video-preview:-1\" \/>\n<link rel=\"canonical\" href=\"https:\/\/forncoma.cat\/contacte\/\" \/>\n<meta property=\"og:locale\" content=\"es_ES\" \/>\n<meta property=\"og:type\" content=\"article\" \/>\n<meta property=\"og:title\" content=\"Direcci\u00f3n y encargos de panader\u00eda en Manresa | Forn de Pa Coma\" \/>\n<meta property=\"og:description\" content=\"Forn de Pa Coma en Manresa: direcci\u00f3n, tel\u00e9fono y horarios para encargos de pan y especialidades artesanales; escr\u00edbenos o llama y te atenderemos.\" \/>\n<meta property=\"og:url\" content=\"https:\/\/forncoma.cat\/contacte\/\" \/>\n<meta property=\"og:site_name\" content=\"Forn Coma\" \/>\n<meta property=\"article:modified_time\" content=\"2026-01-22T09:48:58+00:00\" \/>\n<meta name=\"twitter:card\" content=\"summary_large_image\" \/>\n<meta name=\"twitter:label1\" content=\"Tiempo de lectura\" \/>\n\t<meta name=\"twitter:data1\" content=\"5 minutos\" \/>\n<script type=\"application\/ld+json\" class=\"yoast-schema-graph\">{\"@context\":\"https:\/\/schema.org\",\"@graph\":[{\"@type\":\"WebPage\",\"@id\":\"https:\/\/forncoma.cat\/contacte\/\",\"url\":\"https:\/\/forncoma.cat\/contacte\/\",\"name\":\"Direcci\u00f3n y encargos de panader\u00eda en Manresa | Forn de Pa Coma\",\"isPartOf\":{\"@id\":\"https:\/\/forncoma.cat\/#website\"},\"datePublished\":\"2025-10-31T07:55:08+00:00\",\"dateModified\":\"2026-01-22T09:48:58+00:00\",\"description\":\"Forn de Pa Coma en Manresa: direcci\u00f3n, tel\u00e9fono y horarios para encargos de pan y especialidades artesanales; escr\u00edbenos o llama y te atenderemos.\",\"breadcrumb\":{\"@id\":\"https:\/\/forncoma.cat\/contacte\/#breadcrumb\"},\"inLanguage\":\"es\",\"potentialAction\":[{\"@type\":\"ReadAction\",\"target\":[\"https:\/\/forncoma.cat\/contacte\/\"]}]},{\"@type\":\"BreadcrumbList\",\"@id\":\"https:\/\/forncoma.cat\/contacte\/#breadcrumb\",\"itemListElement\":[{\"@type\":\"ListItem\",\"position\":1,\"name\":\"Home\",\"item\":\"https:\/\/forncoma.cat\/\"},{\"@type\":\"ListItem\",\"position\":2,\"name\":\"Contacto\"}]},{\"@type\":\"WebSite\",\"@id\":\"https:\/\/forncoma.cat\/#website\",\"url\":\"https:\/\/forncoma.cat\/\",\"name\":\"Forn Coma\",\"description\":\"\",\"potentialAction\":[{\"@type\":\"SearchAction\",\"target\":{\"@type\":\"EntryPoint\",\"urlTemplate\":\"https:\/\/forncoma.cat\/?s={search_term_string}\"},\"query-input\":{\"@type\":\"PropertyValueSpecification\",\"valueRequired\":true,\"valueName\":\"search_term_string\"}}],\"inLanguage\":\"es\"}]}<\/script>\n<!-- \/ Yoast SEO plugin. -->","yoast_head_json":{"title":"Direcci\u00f3n y encargos de panader\u00eda en Manresa | Forn de Pa Coma","description":"Forn de Pa Coma en Manresa: direcci\u00f3n, tel\u00e9fono y horarios para encargos de pan y especialidades artesanales; escr\u00edbenos o llama y te atenderemos.","robots":{"index":"index","follow":"follow","max-snippet":"max-snippet:-1","max-image-preview":"max-image-preview:large","max-video-preview":"max-video-preview:-1"},"canonical":"https:\/\/forncoma.cat\/contacte\/","og_locale":"es_ES","og_type":"article","og_title":"Direcci\u00f3n y encargos de panader\u00eda en Manresa | Forn de Pa Coma","og_description":"Forn de Pa Coma en Manresa: direcci\u00f3n, tel\u00e9fono y horarios para encargos de pan y especialidades artesanales; escr\u00edbenos o llama y te atenderemos.","og_url":"https:\/\/forncoma.cat\/contacte\/","og_site_name":"Forn Coma","article_modified_time":"2026-01-22T09:48:58+00:00","twitter_card":"summary_large_image","twitter_misc":{"Tiempo de lectura":"5 minutos"},"schema":{"@context":"https:\/\/schema.org","@graph":[{"@type":"WebPage","@id":"https:\/\/forncoma.cat\/contacte\/","url":"https:\/\/forncoma.cat\/contacte\/","name":"Direcci\u00f3n y encargos de panader\u00eda en Manresa | Forn de Pa Coma","isPartOf":{"@id":"https:\/\/forncoma.cat\/#website"},"datePublished":"2025-10-31T07:55:08+00:00","dateModified":"2026-01-22T09:48:58+00:00","description":"Forn de Pa Coma en Manresa: direcci\u00f3n, tel\u00e9fono y horarios para encargos de pan y especialidades artesanales; escr\u00edbenos o llama y te atenderemos.","breadcrumb":{"@id":"https:\/\/forncoma.cat\/contacte\/#breadcrumb"},"inLanguage":"es","potentialAction":[{"@type":"ReadAction","target":["https:\/\/forncoma.cat\/contacte\/"]}]},{"@type":"BreadcrumbList","@id":"https:\/\/forncoma.cat\/contacte\/#breadcrumb","itemListElement":[{"@type":"ListItem","position":1,"name":"Home","item":"https:\/\/forncoma.cat\/"},{"@type":"ListItem","position":2,"name":"Contacto"}]},{"@type":"WebSite","@id":"https:\/\/forncoma.cat\/#website","url":"https:\/\/forncoma.cat\/","name":"Forn Coma","description":"","potentialAction":[{"@type":"SearchAction","target":{"@type":"EntryPoint","urlTemplate":"https:\/\/forncoma.cat\/?s={search_term_string}"},"query-input":{"@type":"PropertyValueSpecification","valueRequired":true,"valueName":"search_term_string"}}],"inLanguage":"es"}]}},"_links":{"self":[{"href":"https:\/\/forncoma.cat\/es\/wp-json\/wp\/v2\/pages\/314","targetHints":{"allow":["GET"]}}],"collection":[{"href":"https:\/\/forncoma.cat\/es\/wp-json\/wp\/v2\/pages"}],"about":[{"href":"https:\/\/forncoma.cat\/es\/wp-json\/wp\/v2\/types\/page"}],"author":[{"embeddable":true,"href":"https:\/\/forncoma.cat\/es\/wp-json\/wp\/v2\/users\/1"}],"replies":[{"embeddable":true,"href":"https:\/\/forncoma.cat\/es\/wp-json\/wp\/v2\/comments?post=314"}],"version-history":[{"count":32,"href":"https:\/\/forncoma.cat\/es\/wp-json\/wp\/v2\/pages\/314\/revisions"}],"predecessor-version":[{"id":684,"href":"https:\/\/forncoma.cat\/es\/wp-json\/wp\/v2\/pages\/314\/revisions\/684"}],"wp:attachment":[{"href":"https:\/\/forncoma.cat\/es\/wp-json\/wp\/v2\/media?parent=314"}],"curies":[{"name":"wp","href":"https:\/\/api.w.org\/{rel}","templated":true}]}}